{"id":7,"date":"2018-09-30T08:32:33","date_gmt":"2018-09-30T06:32:33","guid":{"rendered":"http:\/\/cheval-pre-finistere.com\/?page_id=7"},"modified":"2020-11-02T12:25:45","modified_gmt":"2020-11-02T11:25:45","slug":"accueil","status":"publish","type":"page","link":"https:\/\/cheval-pre-finistere.com\/","title":{"rendered":"Accueil"},"content":{"rendered":"<p>Los caballos de sue\u00f1os est un \u00e9levage familiale de chevaux Pure Race Espagnole, nous sommes dans le nord Finist\u00e8re en bord de\u00a0 mer. Nos chevaux profitent du bon air iod\u00e9 et de vert p\u00e2turages pour vivre paisiblement en troupeau. Nous avons 5 poulini\u00e8res avec une morphologie, des allures et un mental choisi avec soin. Nos 2 \u00e9talons sont \u00e9galement issu d&rsquo;une s\u00e9lection tr\u00e8s rigoureuse avec une orientation dressage affirm\u00e9e avec le beau Neptuno PH.<\/p>\n","protected":false},"excerpt":{"rendered":"<p>Los caballos de sue\u00f1os est un \u00e9levage familiale de chevaux Pure Race Espagnole, nous sommes dans le nord Finist\u00e8re en bord de\u00a0 mer. Nos chevaux profitent du bon air iod\u00e9 et de vert p\u00e2turages pour vivre paisiblement en troupeau. Nous avons 5 poulini\u00e8res avec une morphologie, des allures et un mental choisi avec soin. Nos &hellip; <\/p>\n<p class=\"link-more\"><a href=\"https:\/\/cheval-pre-finistere.com\/\" class=\"more-link\">Continuer la lecture<span class=\"screen-reader-text\"> de &laquo;&nbsp;Accueil&nbsp;&raquo;<\/span><\/a><\/p>\n","protected":false},"author":1,"featured_media":0,"parent":0,"menu_order":0,"comment_status":"closed","ping_status":"closed","template":"","meta":[],"_links":{"self":[{"href":"https:\/\/cheval-pre-finistere.com\/index.php?rest_route=\/wp\/v2\/pages\/7"}],"collection":[{"href":"https:\/\/cheval-pre-finistere.com\/index.php?rest_route=\/wp\/v2\/pages"}],"about":[{"href":"https:\/\/cheval-pre-finistere.com\/index.php?rest_route=\/wp\/v2\/types\/page"}],"author":[{"embeddable":true,"href":"https:\/\/cheval-pre-finistere.com\/index.php?rest_route=\/wp\/v2\/users\/1"}],"replies":[{"embeddable":true,"href":"https:\/\/cheval-pre-finistere.com\/index.php?rest_route=%2Fwp%2Fv2%2Fcomments&post=7"}],"version-history":[{"count":3,"href":"https:\/\/cheval-pre-finistere.com\/index.php?rest_route=\/wp\/v2\/pages\/7\/revisions"}],"predecessor-version":[{"id":43,"href":"https:\/\/cheval-pre-finistere.com\/index.php?rest_route=\/wp\/v2\/pages\/7\/revisions\/43"}],"wp:attachment":[{"href":"https:\/\/cheval-pre-finistere.com\/index.php?rest_route=%2Fwp%2Fv2%2Fmedia&parent=7"}],"curies":[{"name":"wp","href":"https:\/\/api.w.org\/{rel}","templated":true}]}}